{"id":1228,"date":"2024-10-28T07:21:56","date_gmt":"2024-10-28T07:21:56","guid":{"rendered":"https:\/\/braucampus.de\/?page_id=1228"},"modified":"2024-11-11T14:22:55","modified_gmt":"2024-11-11T13:22:55","slug":"seminarbuchung","status":"publish","type":"page","link":"https:\/\/braucampus.de\/?page_id=1228","title":{"rendered":"Seminarbuchung"},"content":{"rendered":"\t\t<div data-elementor-type=\"wp-page\" data-elementor-id=\"1228\" class=\"elementor elementor-1228\" data-elementor-post-type=\"page\">\n\t\t\t\t<div class=\"elementor-element elementor-element-4abbf40 e-flex e-con-boxed e-con e-parent\" data-id=\"4abbf40\" data-element_type=\"container\" data-e-type=\"container\">\n\t\t\t\t\t<div class=\"e-con-inner\">\n\t\t<div class=\"elementor-element elementor-element-dbecbfa e-con-full e-flex e-con e-child\" data-id=\"dbecbfa\" data-element_type=\"container\" data-e-type=\"container\">\n\t\t\t\t<div class=\"elementor-element elementor-element-ec03035 elementor-widget elementor-widget-image\" data-id=\"ec03035\" data-element_type=\"widget\" data-e-type=\"widget\" data-widget_type=\"image.default\">\n\t\t\t\t<div class=\"elementor-widget-container\">\n\t\t\t\t\t\t\t\t\t\t\t\t\t\t\t<img decoding=\"async\" width=\"300\" height=\"86\" src=\"https:\/\/braucampus.de\/wp-content\/uploads\/2023\/11\/cropped-bc_ornage_breit-300x86.png\" class=\"attachment-medium size-medium wp-image-500\" alt=\"\" srcset=\"https:\/\/braucampus.de\/wp-content\/uploads\/2023\/11\/cropped-bc_ornage_breit-e1730118095924.png 300w, https:\/\/braucampus.de\/wp-content\/uploads\/2023\/11\/cropped-bc_ornage_breit-1024x293.png 1024w, https:\/\/braucampus.de\/wp-content\/uploads\/2023\/11\/cropped-bc_ornage_breit-768x220.png 768w\" sizes=\"(max-width: 300px) 100vw, 300px\" \/>\t\t\t\t\t\t\t\t\t\t\t\t\t\t\t<\/div>\n\t\t\t\t<\/div>\n\t\t\t\t<\/div>\n\t\t<div class=\"elementor-element elementor-element-c87706c e-con-full e-flex e-con e-child\" data-id=\"c87706c\" data-element_type=\"container\" data-e-type=\"container\">\n\t\t\t\t<div class=\"elementor-element elementor-element-9d1481e elementor-widget elementor-widget-ekit-nav-menu\" data-id=\"9d1481e\" data-element_type=\"widget\" data-e-type=\"widget\" data-widget_type=\"ekit-nav-menu.default\">\n\t\t\t\t<div class=\"elementor-widget-container\">\n\t\t\t\t\t\t\t<nav class=\"ekit-wid-con ekit_menu_responsive_tablet\"\n\t\t\tdata-hamburger-icon=\"\"\n\t\t\tdata-hamburger-icon-type=\"icon\"\n\t\t\tdata-responsive-breakpoint=\"1024\">\n\t\t\t            <button class=\"elementskit-menu-hamburger elementskit-menu-toggler\"  type=\"button\" aria-label=\"hamburger-icon\">\n                                    <span class=\"elementskit-menu-hamburger-icon\"><\/span><span class=\"elementskit-menu-hamburger-icon\"><\/span><span class=\"elementskit-menu-hamburger-icon\"><\/span>\n                            <\/button>\n            <div id=\"ekit-megamenu-main\" class=\"elementskit-menu-container elementskit-menu-offcanvas-elements elementskit-navbar-nav-default ekit-nav-menu-one-page-no ekit-nav-dropdown-hover\"><ul id=\"menu-main\" class=\"elementskit-navbar-nav elementskit-menu-po-right submenu-click-on-icon\"><li id=\"menu-item-485\" class=\"menu-item menu-item-type-custom menu-item-object-custom menu-item-home menu-item-485 nav-item elementskit-mobile-builder-content\" data-vertical-menu=750px><a href=\"https:\/\/braucampus.de\/#start\" class=\"ekit-menu-nav-link\">START<\/a><\/li>\n<li id=\"menu-item-486\" class=\"menu-item menu-item-type-custom menu-item-object-custom menu-item-home menu-item-486 nav-item elementskit-mobile-builder-content\" data-vertical-menu=750px><a href=\"https:\/\/braucampus.de\/#veranstaltung\" class=\"ekit-menu-nav-link\">ERLEBNISSE<\/a><\/li>\n<li id=\"menu-item-487\" class=\"menu-item menu-item-type-custom menu-item-object-custom menu-item-home menu-item-487 nav-item elementskit-mobile-builder-content\" data-vertical-menu=750px><a href=\"https:\/\/braucampus.de\/#uebermich\" class=\"ekit-menu-nav-link\">\u00dcBER MICH<\/a><\/li>\n<li id=\"menu-item-1873\" class=\"menu-item menu-item-type-custom menu-item-object-custom menu-item-1873 nav-item elementskit-mobile-builder-content\" data-vertical-menu=750px><a href=\"#popup-menu-anchor\" class=\"ekit-menu-nav-link\">PARTNER<\/a><\/li>\n<li id=\"menu-item-1489\" class=\"menu-item menu-item-type-custom menu-item-object-custom menu-item-home menu-item-1489 nav-item elementskit-mobile-builder-content\" data-vertical-menu=750px><a href=\"https:\/\/braucampus.de\/#kalender\" class=\"ekit-menu-nav-link\">KALENDER<\/a><\/li>\n<li id=\"menu-item-490\" class=\"menu-item menu-item-type-custom menu-item-object-custom menu-item-home menu-item-490 nav-item elementskit-mobile-builder-content\" data-vertical-menu=750px><a href=\"https:\/\/braucampus.de\/#kontakt\" class=\"ekit-menu-nav-link\">KONTAKT<\/a><\/li>\n<\/ul><div class=\"elementskit-nav-identity-panel\"><button class=\"elementskit-menu-close elementskit-menu-toggler\" type=\"button\">X<\/button><\/div><\/div>\n\t\t\t<div class=\"elementskit-menu-overlay elementskit-menu-offcanvas-elements elementskit-menu-toggler ekit-nav-menu--overlay\"><\/div>        <\/nav>\n\t\t\t\t\t\t<\/div>\n\t\t\t\t<\/div>\n\t\t\t\t<\/div>\n\t\t\t\t\t<\/div>\n\t\t\t\t<\/div>\n\t\t<div class=\"elementor-element elementor-element-33fc7da e-flex e-con-boxed e-con e-parent\" data-id=\"33fc7da\" data-element_type=\"container\" data-e-type=\"container\">\n\t\t\t\t\t<div class=\"e-con-inner\">\n\t\t\t\t<div class=\"elementor-element elementor-element-2d3cb8c elementor-widget elementor-widget-spacer\" data-id=\"2d3cb8c\" data-element_type=\"widget\" data-e-type=\"widget\" data-widget_type=\"spacer.default\">\n\t\t\t\t<div class=\"elementor-widget-container\">\n\t\t\t\t\t\t\t<div class=\"elementor-spacer\">\n\t\t\t<div class=\"elementor-spacer-inner\"><\/div>\n\t\t<\/div>\n\t\t\t\t\t\t<\/div>\n\t\t\t\t<\/div>\n\t\t\t\t\t<\/div>\n\t\t\t\t<\/div>\n\t\t<div class=\"elementor-element elementor-element-72c815f e-flex e-con-boxed e-con e-parent\" data-id=\"72c815f\" data-element_type=\"container\" data-e-type=\"container\">\n\t\t\t\t\t<div class=\"e-con-inner\">\n\t\t\t\t<div class=\"elementor-element elementor-element-3831474 elementor-widget elementor-widget-heading\" data-id=\"3831474\" data-element_type=\"widget\" data-e-type=\"widget\" data-widget_type=\"heading.default\">\n\t\t\t\t<div class=\"elementor-widget-container\">\n\t\t\t\t\t<h2 class=\"elementor-heading-title elementor-size-default\">Kurse f\u00fcr Hobbybrauer an drei Standorten:<\/h2>\t\t\t\t<\/div>\n\t\t\t\t<\/div>\n\t\t\t\t<div class=\"elementor-element elementor-element-ec68aef elementor-widget elementor-widget-spacer\" data-id=\"ec68aef\" data-element_type=\"widget\" data-e-type=\"widget\" data-widget_type=\"spacer.default\">\n\t\t\t\t<div class=\"elementor-widget-container\">\n\t\t\t\t\t\t\t<div class=\"elementor-spacer\">\n\t\t\t<div class=\"elementor-spacer-inner\"><\/div>\n\t\t<\/div>\n\t\t\t\t\t\t<\/div>\n\t\t\t\t<\/div>\n\t\t\t\t\t<\/div>\n\t\t\t\t<\/div>\n\t\t<div class=\"elementor-element elementor-element-42351c2 e-grid e-con-boxed e-con e-parent\" data-id=\"42351c2\" data-element_type=\"container\" data-e-type=\"container\">\n\t\t\t\t\t<div class=\"e-con-inner\">\n\t\t\t\t<div class=\"elementor-element elementor-element-06ce89a elementor-flip-box--effect-fade e-transform elementor-widget elementor-widget-flip-box\" data-id=\"06ce89a\" data-element_type=\"widget\" data-e-type=\"widget\" data-settings=\"{&quot;_transform_rotateZ_effect&quot;:{&quot;unit&quot;:&quot;px&quot;,&quot;size&quot;:0,&quot;sizes&quot;:[]},&quot;_transform_rotateZ_effect_widescreen&quot;:{&quot;unit&quot;:&quot;deg&quot;,&quot;size&quot;:&quot;&quot;,&quot;sizes&quot;:[]},&quot;_transform_rotateZ_effect_laptop&quot;:{&quot;unit&quot;:&quot;deg&quot;,&quot;size&quot;:&quot;&quot;,&quot;sizes&quot;:[]},&quot;_transform_rotateZ_effect_tablet_extra&quot;:{&quot;unit&quot;:&quot;deg&quot;,&quot;size&quot;:&quot;&quot;,&quot;sizes&quot;:[]},&quot;_transform_rotateZ_effect_tablet&quot;:{&quot;unit&quot;:&quot;deg&quot;,&quot;size&quot;:&quot;&quot;,&quot;sizes&quot;:[]},&quot;_transform_rotateZ_effect_mobile_extra&quot;:{&quot;unit&quot;:&quot;deg&quot;,&quot;size&quot;:&quot;&quot;,&quot;sizes&quot;:[]},&quot;_transform_rotateZ_effect_mobile&quot;:{&quot;unit&quot;:&quot;deg&quot;,&quot;size&quot;:&quot;&quot;,&quot;sizes&quot;:[]}}\" data-widget_type=\"flip-box.default\">\n\t\t\t\t<div class=\"elementor-widget-container\">\n\t\t\t\t\t\t\t<div class=\"elementor-flip-box\" tabindex=\"0\">\n\t\t\t<div class=\"elementor-flip-box__layer elementor-flip-box__front\">\n\t\t\t\t<div class=\"elementor-flip-box__layer__overlay\">\n\t\t\t\t\t<div class=\"elementor-flip-box__layer__inner\">\n\t\t\t\t\t\t\t\t\t\t\t\t\t<div class=\"elementor-flip-box__image\">\n\t\t\t\t\t\t\t\t<img decoding=\"async\" width=\"300\" height=\"74\" src=\"https:\/\/braucampus.de\/wp-content\/uploads\/2024\/10\/braupartner_logo-300x74.png\" class=\"attachment-medium size-medium wp-image-1233\" alt=\"\" srcset=\"https:\/\/braucampus.de\/wp-content\/uploads\/2024\/10\/braupartner_logo-300x74.png 300w, https:\/\/braucampus.de\/wp-content\/uploads\/2024\/10\/braupartner_logo-e1730118492719.png 200w\" sizes=\"(max-width: 300px) 100vw, 300px\" \/>\t\t\t\t\t\t\t<\/div>\n\t\t\t\t\t\t\n\t\t\t\t\t\t\n\t\t\t\t\t\t\t\t\t\t\t<\/div>\n\t\t\t\t<\/div>\n\t\t\t<\/div>\n\t\t\t<div class=\"elementor-flip-box__layer elementor-flip-box__back\">\n\t\t\t<div class=\"elementor-flip-box__layer__overlay\">\n\t\t\t\t<div class=\"elementor-flip-box__layer__inner\">\n\t\t\t\t\t\n\t\t\t\t\t\t\t\t\t\t\t<div class=\"elementor-flip-box__layer__description\">\n\t\t\t\t\t\t\tDu willst dein eigenes Bier Zuhause brauen und zum Hobbybrauer werden? Bei uns findest du Bierrohstoffe und alles, was man f\u00fcr das beste Hobby der Welt, Bierbrauen selbst gemacht, braucht.\u00a0Malz, Hopfen, Hefe\u00a0und weitere Bierrohstoffe bieten wir in verschiedenen Gr\u00f6\u00dfenstufen an \u2013 vom 100-Gramm-Beutel Aromahopfen-Pellets bis zum 25-Kilo-Sack Malz. Auch deine Brauausstattung erh\u00e4ltst du bei uns. Egal ob du dir mit Einzelteilen eine individuelle Brauanlage zusammenstellen m\u00f6chtest oder fertige Brausysteme bevorzugst. Um das gebraute Bier schlie\u00dflich zapfen und ausschenken zu k\u00f6nnen, schau dich in den Kategorien\u00a0\u201eSchankanlagen\u201c\u00a0und\u00a0\u201eF\u00e4sser, Flaschen &amp; Gl\u00e4ser\u201c\u00a0um.\n\nJeder Kursteilnehmer hat hier die M\u00f6glichkeit in aller Ruhe das Sortiment anzusehen und auf Wunsch auch einzukaufen. Der BrauPARTNER befindet sich in Erbshausen in der N\u00e4he von W\u00fcrzburg\t\t\t\t\t\t<\/div>\n\t\t\t\t\t\n\t\t\t\t\t\t\t\t<\/div>\n\t\t<\/div>\n\t\t<\/div>\n\t\t<\/div>\n\t\t\t\t\t\t<\/div>\n\t\t\t\t<\/div>\n\t\t\t\t<div class=\"elementor-element elementor-element-719eeca elementor-flip-box--effect-fade elementor-widget elementor-widget-flip-box\" data-id=\"719eeca\" data-element_type=\"widget\" data-e-type=\"widget\" data-widget_type=\"flip-box.default\">\n\t\t\t\t<div class=\"elementor-widget-container\">\n\t\t\t\t\t\t\t<div class=\"elementor-flip-box\" tabindex=\"0\">\n\t\t\t<div class=\"elementor-flip-box__layer elementor-flip-box__front\">\n\t\t\t\t<div class=\"elementor-flip-box__layer__overlay\">\n\t\t\t\t\t<div class=\"elementor-flip-box__layer__inner\">\n\t\t\t\t\t\t\t\t\t\t\t\t\t<div class=\"elementor-flip-box__image\">\n\t\t\t\t\t\t\t\t<img fetchpriority=\"high\" decoding=\"async\" width=\"768\" height=\"930\" src=\"https:\/\/braucampus.de\/wp-content\/uploads\/2024\/11\/logo950-768x930.png\" class=\"attachment-medium_large size-medium_large wp-image-1773\" alt=\"\" srcset=\"https:\/\/braucampus.de\/wp-content\/uploads\/2024\/11\/logo950-768x930.png 768w, https:\/\/braucampus.de\/wp-content\/uploads\/2024\/11\/logo950-248x300.png 248w, https:\/\/braucampus.de\/wp-content\/uploads\/2024\/11\/logo950-846x1024.png 846w, https:\/\/braucampus.de\/wp-content\/uploads\/2024\/11\/logo950.png 950w\" sizes=\"(max-width: 768px) 100vw, 768px\" \/>\t\t\t\t\t\t\t<\/div>\n\t\t\t\t\t\t\n\t\t\t\t\t\t\n\t\t\t\t\t\t\t\t\t\t\t<\/div>\n\t\t\t\t<\/div>\n\t\t\t<\/div>\n\t\t\t<div class=\"elementor-flip-box__layer elementor-flip-box__back\">\n\t\t\t<div class=\"elementor-flip-box__layer__overlay\">\n\t\t\t\t<div class=\"elementor-flip-box__layer__inner\">\n\t\t\t\t\t\n\t\t\t\t\t\t\t\t\t\t\t<div class=\"elementor-flip-box__layer__description\">\n\t\t\t\t\t\t\tDer brauCampus, die Location wenn es um Qualifizierte Weiterbildungen f\u00fcr Haus-und Hobbybrauer geht oder als Eventlocation f\u00fcr alle Veranstaltungen rund ums Bier !\n\nDer brauCampus befindet sich in Ladenburg in der n\u00e4he von Heidelberg\t\t\t\t\t\t<\/div>\n\t\t\t\t\t\n\t\t\t\t\t\t\t\t<\/div>\n\t\t<\/div>\n\t\t<\/div>\n\t\t<\/div>\n\t\t\t\t\t\t<\/div>\n\t\t\t\t<\/div>\n\t\t\t\t<div class=\"elementor-element elementor-element-59d57fc elementor-flip-box--effect-fade elementor-widget elementor-widget-flip-box\" data-id=\"59d57fc\" data-element_type=\"widget\" data-e-type=\"widget\" data-widget_type=\"flip-box.default\">\n\t\t\t\t<div class=\"elementor-widget-container\">\n\t\t\t\t\t\t\t<div class=\"elementor-flip-box\" tabindex=\"0\">\n\t\t\t<div class=\"elementor-flip-box__layer elementor-flip-box__front\">\n\t\t\t\t<div class=\"elementor-flip-box__layer__overlay\">\n\t\t\t\t\t<div class=\"elementor-flip-box__layer__inner\">\n\t\t\t\t\t\t\t\t\t\t\t\t\t<div class=\"elementor-flip-box__image\">\n\t\t\t\t\t\t\t\t<img loading=\"lazy\" decoding=\"async\" width=\"800\" height=\"933\" src=\"https:\/\/braucampus.de\/wp-content\/uploads\/2024\/11\/Brauhaus-Nolte-Logo-2022-878x1024.png\" class=\"attachment-large size-large wp-image-1752\" alt=\"\" srcset=\"https:\/\/braucampus.de\/wp-content\/uploads\/2024\/11\/Brauhaus-Nolte-Logo-2022-878x1024.png 878w, https:\/\/braucampus.de\/wp-content\/uploads\/2024\/11\/Brauhaus-Nolte-Logo-2022-257x300.png 257w, https:\/\/braucampus.de\/wp-content\/uploads\/2024\/11\/Brauhaus-Nolte-Logo-2022-768x896.png 768w, https:\/\/braucampus.de\/wp-content\/uploads\/2024\/11\/Brauhaus-Nolte-Logo-2022.png 977w\" sizes=\"(max-width: 800px) 100vw, 800px\" \/>\t\t\t\t\t\t\t<\/div>\n\t\t\t\t\t\t\n\t\t\t\t\t\t\n\t\t\t\t\t\t\t\t\t\t\t<\/div>\n\t\t\t\t<\/div>\n\t\t\t<\/div>\n\t\t\t<div class=\"elementor-flip-box__layer elementor-flip-box__back\">\n\t\t\t<div class=\"elementor-flip-box__layer__overlay\">\n\t\t\t\t<div class=\"elementor-flip-box__layer__inner\">\n\t\t\t\t\t\n\t\t\t\t\t\t\t\t\t\t\t<div class=\"elementor-flip-box__layer__description\">\n\t\t\t\t\t\t\tWir sind \u00fcberzeugt, dass Produkte, die eine Geschichte zu erz\u00e4hlen haben, besser schmecken. Und genau dies ist unser t\u00e4glicher Antrieb. In diesem Sinne machen wir mit einer ordentlichen Portion Tradition und Authentizit\u00e4t, verbunden mit viel Leidenschaft und handwerklichem K\u00f6nnen, einen Gegenentwurf zur Gastronomie von der Stange erlebbar. Taucht ein ins NOLTiversum und freut Euch auf unser selbstgebrautes Bio-Bier, Schnaps aus der hauseigenen Brennerei und norddeutsches Slow Food.\nNOLTE \u2013 eine L\u00fcneburger Legende seit 1906\t\t\t\t\t\t<\/div>\n\t\t\t\t\t\n\t\t\t\t\t\t\t\t<\/div>\n\t\t<\/div>\n\t\t<\/div>\n\t\t<\/div>\n\t\t\t\t\t\t<\/div>\n\t\t\t\t<\/div>\n\t\t\t\t\t<\/div>\n\t\t\t\t<\/div>\n\t\t<div class=\"elementor-element elementor-element-f23199e e-flex e-con-boxed e-con e-parent\" data-id=\"f23199e\" data-element_type=\"container\" data-e-type=\"container\">\n\t\t\t\t\t<div class=\"e-con-inner\">\n\t\t\t\t<div class=\"elementor-element elementor-element-d547a55 elementor-widget elementor-widget-spacer\" data-id=\"d547a55\" data-element_type=\"widget\" data-e-type=\"widget\" data-widget_type=\"spacer.default\">\n\t\t\t\t<div class=\"elementor-widget-container\">\n\t\t\t\t\t\t\t<div class=\"elementor-spacer\">\n\t\t\t<div class=\"elementor-spacer-inner\"><\/div>\n\t\t<\/div>\n\t\t\t\t\t\t<\/div>\n\t\t\t\t<\/div>\n\t\t\t\t<div class=\"elementor-element elementor-element-d62ed1f elementor-widget elementor-widget-heading\" data-id=\"d62ed1f\" data-element_type=\"widget\" data-e-type=\"widget\" data-widget_type=\"heading.default\">\n\t\t\t\t<div class=\"elementor-widget-container\">\n\t\t\t\t\t<h2 class=\"elementor-heading-title elementor-size-default\"><a href=\"https:\/\/braucampus.de\/?page_id=575\" target=\"_blank\">Unsere Kurse finden ab einer Teilnehmerzahl von 7 Buchungen statt. Wir behalten uns \u00c4nderungen bis 4 Wochen vor Veranstaltungsbeginn vor. \nEs gelten unsere AGB<\/a><\/h2>\t\t\t\t<\/div>\n\t\t\t\t<\/div>\n\t\t\t\t<div class=\"elementor-element elementor-element-d2a9e63 elementor-widget elementor-widget-spacer\" data-id=\"d2a9e63\" data-element_type=\"widget\" data-e-type=\"widget\" data-widget_type=\"spacer.default\">\n\t\t\t\t<div class=\"elementor-widget-container\">\n\t\t\t\t\t\t\t<div class=\"elementor-spacer\">\n\t\t\t<div class=\"elementor-spacer-inner\"><\/div>\n\t\t<\/div>\n\t\t\t\t\t\t<\/div>\n\t\t\t\t<\/div>\n\t\t\t\t\t<\/div>\n\t\t\t\t<\/div>\n\t\t<div class=\"elementor-element elementor-element-6e3687f e-grid e-con-boxed e-con e-parent\" data-id=\"6e3687f\" data-element_type=\"container\" data-e-type=\"container\">\n\t\t\t\t\t<div class=\"e-con-inner\">\n\t\t\t\t<div class=\"elementor-element elementor-element-69a8ddc elementor-widget elementor-widget-ameliaeventslistbooking\" data-id=\"69a8ddc\" data-element_type=\"widget\" data-e-type=\"widget\" data-widget_type=\"ameliaeventslistbooking.default\">\n\t\t\t\t<div class=\"elementor-widget-container\">\n\t\t\t\t\t<script>\n  if (typeof hasAmeliaEvent === 'undefined') {\n    var hasAmeliaEvent = true;\n  }\n  if (typeof hasEventApiCall === 'undefined' && ('' === '' && '' !== '1')) {\n    var hasEventApiCall = true;\n  }\n  var hasEventShortcode = (typeof hasEventShortcode === 'undefined') ? false : true;\n  var ameliaShortcodeData = (typeof ameliaShortcodeData === 'undefined') ? [] : ameliaShortcodeData;\n  ameliaShortcodeData.push(\n    {\n      'hasApiCall': (typeof hasEventApiCall !== 'undefined') && hasEventApiCall,\n      'trigger': '',\n      'trigger_type': '',\n      'triggered_form': 'elf',\n      'in_dialog': '',\n      'counter': '1000',\n      'employee': '',\n      'eventId': '',\n      'eventRecurring': 0,\n      'eventTag': \"\",\n      'locationId': \"2\",\n      'range': \"\"\n    }\n  );\n  var ameliaShortcodeDataTriggered = (typeof ameliaShortcodeDataTriggered === 'undefined') ? [] : ameliaShortcodeDataTriggered;\n  if (ameliaShortcodeData[ameliaShortcodeData.length - 1].trigger !== '') {\n    if (ameliaShortcodeDataTriggered.filter(a => a.counter === ameliaShortcodeData[ameliaShortcodeData.length - 1].counter).length === 0) {\n      ameliaShortcodeDataTriggered.push(ameliaShortcodeData.pop());\n    } else {\n      ameliaShortcodeData.pop()\n    }\n  }\n  if (typeof hasEventApiCall !== 'undefined' && hasEventApiCall) {\n    hasEventApiCall = false;\n  }\n<\/script>\n\n<div\n  id=\"amelia-v2-booking-1000\"\n  class=\"amelia-v2-booking\"\n>\n    <events-list-form-wrapper><\/div>\n\t\t\t\t<\/div>\n\t\t\t\t<\/div>\n\t\t\t\t<div class=\"elementor-element elementor-element-da8f8b6 elementor-widget elementor-widget-ameliaeventslistbooking\" data-id=\"da8f8b6\" data-element_type=\"widget\" data-e-type=\"widget\" data-widget_type=\"ameliaeventslistbooking.default\">\n\t\t\t\t<div class=\"elementor-widget-container\">\n\t\t\t\t\t<script>\n  if (typeof hasAmeliaEvent === 'undefined') {\n    var hasAmeliaEvent = true;\n  }\n  if (typeof hasEventApiCall === 'undefined' && ('' === '' && '' !== '1')) {\n    var hasEventApiCall = true;\n  }\n  var hasEventShortcode = (typeof hasEventShortcode === 'undefined') ? false : true;\n  var ameliaShortcodeData = (typeof ameliaShortcodeData === 'undefined') ? [] : ameliaShortcodeData;\n  ameliaShortcodeData.push(\n    {\n      'hasApiCall': (typeof hasEventApiCall !== 'undefined') && hasEventApiCall,\n      'trigger': '',\n      'trigger_type': '',\n      'triggered_form': 'elf',\n      'in_dialog': '',\n      'counter': '1001',\n      'employee': '',\n      'eventId': '',\n      'eventRecurring': 0,\n      'eventTag': \"\",\n      'locationId': \"1\",\n      'range': \"\"\n    }\n  );\n  var ameliaShortcodeDataTriggered = (typeof ameliaShortcodeDataTriggered === 'undefined') ? [] : ameliaShortcodeDataTriggered;\n  if (ameliaShortcodeData[ameliaShortcodeData.length - 1].trigger !== '') {\n    if (ameliaShortcodeDataTriggered.filter(a => a.counter === ameliaShortcodeData[ameliaShortcodeData.length - 1].counter).length === 0) {\n      ameliaShortcodeDataTriggered.push(ameliaShortcodeData.pop());\n    } else {\n      ameliaShortcodeData.pop()\n    }\n  }\n  if (typeof hasEventApiCall !== 'undefined' && hasEventApiCall) {\n    hasEventApiCall = false;\n  }\n<\/script>\n\n<div\n  id=\"amelia-v2-booking-1001\"\n  class=\"amelia-v2-booking\"\n>\n    <events-list-form-wrapper><\/div>\n\t\t\t\t<\/div>\n\t\t\t\t<\/div>\n\t\t\t\t<div class=\"elementor-element elementor-element-5ab72d9 elementor-widget elementor-widget-ameliaeventslistbooking\" data-id=\"5ab72d9\" data-element_type=\"widget\" data-e-type=\"widget\" data-widget_type=\"ameliaeventslistbooking.default\">\n\t\t\t\t<div class=\"elementor-widget-container\">\n\t\t\t\t\t<script>\n  if (typeof hasAmeliaEvent === 'undefined') {\n    var hasAmeliaEvent = true;\n  }\n  if (typeof hasEventApiCall === 'undefined' && ('' === '' && '' !== '1')) {\n    var hasEventApiCall = true;\n  }\n  var hasEventShortcode = (typeof hasEventShortcode === 'undefined') ? false : true;\n  var ameliaShortcodeData = (typeof ameliaShortcodeData === 'undefined') ? [] : ameliaShortcodeData;\n  ameliaShortcodeData.push(\n    {\n      'hasApiCall': (typeof hasEventApiCall !== 'undefined') && hasEventApiCall,\n      'trigger': '',\n      'trigger_type': '',\n      'triggered_form': 'elf',\n      'in_dialog': '',\n      'counter': '1002',\n      'employee': '',\n      'eventId': '',\n      'eventRecurring': 0,\n      'eventTag': \"\",\n      'locationId': \"3\",\n      'range': \"\"\n    }\n  );\n  var ameliaShortcodeDataTriggered = (typeof ameliaShortcodeDataTriggered === 'undefined') ? [] : ameliaShortcodeDataTriggered;\n  if (ameliaShortcodeData[ameliaShortcodeData.length - 1].trigger !== '') {\n    if (ameliaShortcodeDataTriggered.filter(a => a.counter === ameliaShortcodeData[ameliaShortcodeData.length - 1].counter).length === 0) {\n      ameliaShortcodeDataTriggered.push(ameliaShortcodeData.pop());\n    } else {\n      ameliaShortcodeData.pop()\n    }\n  }\n  if (typeof hasEventApiCall !== 'undefined' && hasEventApiCall) {\n    hasEventApiCall = false;\n  }\n<\/script>\n\n<div\n  id=\"amelia-v2-booking-1002\"\n  class=\"amelia-v2-booking\"\n>\n    <events-list-form-wrapper><\/div>\n\t\t\t\t<\/div>\n\t\t\t\t<\/div>\n\t\t\t\t\t<\/div>\n\t\t\t\t<\/div>\n\t\t<div class=\"elementor-element elementor-element-86a10b8 e-flex e-con-boxed e-con e-parent\" data-id=\"86a10b8\" data-element_type=\"container\" data-e-type=\"container\">\n\t\t\t\t\t<div class=\"e-con-inner\">\n\t\t\t\t<div class=\"elementor-element elementor-element-614b2ea elementor-widget elementor-widget-ameliaeventscalendarbooking\" data-id=\"614b2ea\" data-element_type=\"widget\" data-e-type=\"widget\" data-widget_type=\"ameliaeventscalendarbooking.default\">\n\t\t\t\t<div class=\"elementor-widget-container\">\n\t\t\t\t\t<script>\n  if (typeof hasAmeliaEvent === 'undefined') {\n    var hasAmeliaEvent = true;\n  }\n  if (typeof hasEventApiCall === 'undefined' && ('' === '' && '' !== '1')) {\n    var hasEventApiCall = true;\n  }\n  var hasEventShortcode = (typeof hasEventShortcode === 'undefined') ? false : true;\n  var ameliaShortcodeData = (typeof ameliaShortcodeData === 'undefined') ? [] : ameliaShortcodeData;\n  ameliaShortcodeData.push(\n    {\n      'hasApiCall': (typeof hasEventApiCall !== 'undefined') && hasEventApiCall,\n      'trigger': '',\n      'trigger_type': '',\n      'triggered_form': 'ecf',\n      'in_dialog': '',\n      'counter': '1003',\n      'employee': '',\n      'eventId': '',\n      'eventRecurring': 0,\n      'eventTag': \"\",\n      'locationId': \"\"\n    }\n  );\n  var ameliaShortcodeDataTriggered = (typeof ameliaShortcodeDataTriggered === 'undefined') ? [] : ameliaShortcodeDataTriggered;\n  if (ameliaShortcodeData[ameliaShortcodeData.length - 1].trigger !== '') {\n    if (ameliaShortcodeDataTriggered.filter(a => a.counter === ameliaShortcodeData[ameliaShortcodeData.length - 1].counter).length === 0) {\n      ameliaShortcodeDataTriggered.push(ameliaShortcodeData.pop());\n    } else {\n      ameliaShortcodeData.pop()\n    }\n  }\n  if (typeof hasEventApiCall !== 'undefined' && hasEventApiCall) {\n    hasEventApiCall = false;\n  }\n<\/script>\n\n<div\n  id=\"amelia-v2-booking-1003\"\n  class=\"amelia-v2-booking\"\n>\n    <events-calendar-form-wrapper><\/div>\n\t\t\t\t<\/div>\n\t\t\t\t<\/div>\n\t\t\t\t\t<\/div>\n\t\t\t\t<\/div>\n\t\t\t\t<\/div>\n\t\t","protected":false},"excerpt":{"rendered":"<p>START ERLEBNISSE \u00dcBER MICH PARTNER KALENDER KONTAKT X Kurse f\u00fcr Hobbybrauer an drei Standorten: Du willst dein eigenes Bier Zuhause brauen und zum Hobbybrauer werden? Bei uns findest du Bierrohstoffe und alles, was man f\u00fcr das beste Hobby der Welt, Bierbrauen selbst gemacht, braucht.\u00a0Malz, Hopfen, Hefe\u00a0und weitere Bierrohstoffe bieten wir in verschiedenen Gr\u00f6\u00dfenstufen an \u2013 [&hellip;]<\/p>\n","protected":false},"author":1,"featured_media":0,"parent":0,"menu_order":0,"comment_status":"closed","ping_status":"closed","template":"elementor_canvas","meta":{"footnotes":""},"class_list":["post-1228","page","type-page","status-publish","hentry"],"_links":{"self":[{"href":"https:\/\/braucampus.de\/index.php?rest_route=\/wp\/v2\/pages\/1228","targetHints":{"allow":["GET"]}}],"collection":[{"href":"https:\/\/braucampus.de\/index.php?rest_route=\/wp\/v2\/pages"}],"about":[{"href":"https:\/\/braucampus.de\/index.php?rest_route=\/wp\/v2\/types\/page"}],"author":[{"embeddable":true,"href":"https:\/\/braucampus.de\/index.php?rest_route=\/wp\/v2\/users\/1"}],"replies":[{"embeddable":true,"href":"https:\/\/braucampus.de\/index.php?rest_route=%2Fwp%2Fv2%2Fcomments&post=1228"}],"version-history":[{"count":244,"href":"https:\/\/braucampus.de\/index.php?rest_route=\/wp\/v2\/pages\/1228\/revisions"}],"predecessor-version":[{"id":1936,"href":"https:\/\/braucampus.de\/index.php?rest_route=\/wp\/v2\/pages\/1228\/revisions\/1936"}],"wp:attachment":[{"href":"https:\/\/braucampus.de\/index.php?rest_route=%2Fwp%2Fv2%2Fmedia&parent=1228"}],"curies":[{"name":"wp","href":"https:\/\/api.w.org\/{rel}","templated":true}]}}