{"id":2021,"date":"2025-10-20T09:22:09","date_gmt":"2025-10-20T07:22:09","guid":{"rendered":"https:\/\/braucampus.de\/?page_id=2021"},"modified":"2025-10-20T09:32:31","modified_gmt":"2025-10-20T07:32:31","slug":"bierarista-2","status":"publish","type":"page","link":"https:\/\/braucampus.de\/?page_id=2021","title":{"rendered":"Bierarista"},"content":{"rendered":"\t\t<div data-elementor-type=\"wp-page\" data-elementor-id=\"2021\" class=\"elementor elementor-2021\" data-elementor-post-type=\"page\">\n\t\t\t\t<div class=\"elementor-element elementor-element-05c8d7c e-flex e-con-boxed e-con e-parent\" data-id=\"05c8d7c\" data-element_type=\"container\" data-e-type=\"container\">\n\t\t\t\t\t<div class=\"e-con-inner\">\n\t\t\t\t<div class=\"elementor-element elementor-element-42d5ad9 elementor-widget elementor-widget-image\" data-id=\"42d5ad9\" data-element_type=\"widget\" data-e-type=\"widget\" data-widget_type=\"image.default\">\n\t\t\t\t<div class=\"elementor-widget-container\">\n\t\t\t\t\t\t\t\t\t\t\t\t\t\t\t<img fetchpriority=\"high\" decoding=\"async\" width=\"800\" height=\"363\" src=\"https:\/\/braucampus.de\/wp-content\/uploads\/2025\/10\/bierarista-1024x465.jpg\" class=\"attachment-large size-large wp-image-2007\" alt=\"\" srcset=\"https:\/\/braucampus.de\/wp-content\/uploads\/2025\/10\/bierarista-1024x465.jpg 1024w, https:\/\/braucampus.de\/wp-content\/uploads\/2025\/10\/bierarista-300x136.jpg 300w, https:\/\/braucampus.de\/wp-content\/uploads\/2025\/10\/bierarista-768x349.jpg 768w, https:\/\/braucampus.de\/wp-content\/uploads\/2025\/10\/bierarista-1536x697.jpg 1536w, https:\/\/braucampus.de\/wp-content\/uploads\/2025\/10\/bierarista-2048x930.jpg 2048w\" sizes=\"(max-width: 800px) 100vw, 800px\" \/>\t\t\t\t\t\t\t\t\t\t\t\t\t\t\t<\/div>\n\t\t\t\t<\/div>\n\t\t\t\t<div class=\"elementor-element elementor-element-0b35367 elementor-widget elementor-widget-text-editor\" data-id=\"0b35367\" data-element_type=\"widget\" data-e-type=\"widget\" data-widget_type=\"text-editor.default\">\n\t\t\t\t<div class=\"elementor-widget-container\">\n\t\t\t\t\t\t\t\t\t<p>Der Doemens Bierarista ist der perfekte Kurs f\u00fcr alle, die ihre Bierbegeisterung auf das n\u00e4chste Level heben m\u00f6chten. Ob Hobbygenie\u00dfer, Gastronomieprofi oder ambitionierter Bierliebhaber \u2013 dieser Kurs bietet einen fundierten Einstieg in die faszinierende Welt des Bieres und legt den Grundstein f\u00fcr eine professionelle Weiterbildung.<\/p><h3>Was erwartet dich?<\/h3><ul><li><p><strong>Bierbegeisterung trifft Fachwissen<\/strong> Du lernst die Grundlagen der Bierherstellung, die Vielfalt der Bierstile und die sensorische Bewertung von Bier kennen \u2013 praxisnah und mit Genuss.<\/p><\/li><li><p><strong>Upgrade zum Doemens Biersommelier<\/strong> Der Bierarista ist die ideale Vorbereitung f\u00fcr die Ausbildung zum Doemens Bierbotschafter oder\/und Doemens-Biersommelier. Wer mehr will, findet hier den perfekten Einstieg in die professionelle Bierwelt.<\/p><\/li><li><p><strong>Weiterbildung mit Geschmack<\/strong> Der Kurs vermittelt nicht nur Wissen, sondern auch Leidenschaft. Verkostungen und spannende Einblicke in die Bierkultur machen die Weiterbildung zum Erlebnis.<\/p><\/li><\/ul><h3>Zielgruppe<\/h3><ul><li><p>Bierinteressierte, die mehr \u00fcber ihr Lieblingsgetr\u00e4nk erfahren m\u00f6chten<\/p><\/li><li><p>Mitarbeiter aus Gastronomie, Handel und Brauereien<\/p><\/li><li><p>Alle, die den Weg zum Biersommelier einschlagen wollen<\/p><\/li><\/ul><p>Der Doemens Bierarista ist mehr als ein Kurs \u2013 er ist der Beginn einer Reise durch die Welt des Bieres. Bereit f\u00fcr dein Upgrade?<\/p>\t\t\t\t\t\t\t\t<\/div>\n\t\t\t\t<\/div>\n\t\t\t\t\t<\/div>\n\t\t\t\t<\/div>\n\t\t<div class=\"elementor-element elementor-element-302c939 e-flex e-con-boxed e-con e-parent\" data-id=\"302c939\" data-element_type=\"container\" data-e-type=\"container\">\n\t\t\t\t\t<div class=\"e-con-inner\">\n\t\t<div class=\"elementor-element elementor-element-20fc5ba e-con-full e-flex e-con e-child\" data-id=\"20fc5ba\" data-element_type=\"container\" data-e-type=\"container\">\n\t\t\t\t<div class=\"elementor-element elementor-element-8add004 elementor-widget elementor-widget-spacer\" data-id=\"8add004\" data-element_type=\"widget\" data-e-type=\"widget\" data-widget_type=\"spacer.default\">\n\t\t\t\t<div class=\"elementor-widget-container\">\n\t\t\t\t\t\t\t<div class=\"elementor-spacer\">\n\t\t\t<div class=\"elementor-spacer-inner\"><\/div>\n\t\t<\/div>\n\t\t\t\t\t\t<\/div>\n\t\t\t\t<\/div>\n\t\t\t\t<div class=\"elementor-element elementor-element-69e2a39 elementor-widget elementor-widget-heading\" data-id=\"69e2a39\" data-element_type=\"widget\" data-e-type=\"widget\" data-widget_type=\"heading.default\">\n\t\t\t\t<div class=\"elementor-widget-container\">\n\t\t\t\t\t<h2 class=\"elementor-heading-title elementor-size-default\">Buche direkt \u00fcber den nebenstehenden Link:<\/h2>\t\t\t\t<\/div>\n\t\t\t\t<\/div>\n\t\t\t\t<\/div>\n\t\t<div class=\"elementor-element elementor-element-24020ff e-con-full e-flex e-con e-child\" data-id=\"24020ff\" data-element_type=\"container\" data-e-type=\"container\">\n\t\t\t\t<div class=\"elementor-element elementor-element-ec3c386 elementor-widget elementor-widget-image\" data-id=\"ec3c386\" data-element_type=\"widget\" data-e-type=\"widget\" data-widget_type=\"image.default\">\n\t\t\t\t<div class=\"elementor-widget-container\">\n\t\t\t\t\t\t\t\t\t\t\t\t\t\t\t\t<a href=\"https:\/\/www.doemens-bierarista.de\/braucampus-ladenburg\" target=\"_blank\">\n\t\t\t\t\t\t\t<img decoding=\"async\" width=\"608\" height=\"245\" src=\"https:\/\/braucampus.de\/wp-content\/uploads\/2025\/10\/bierarista-logo-Kopie.jpg\" class=\"attachment-large size-large wp-image-2026\" alt=\"\" srcset=\"https:\/\/braucampus.de\/wp-content\/uploads\/2025\/10\/bierarista-logo-Kopie.jpg 608w, https:\/\/braucampus.de\/wp-content\/uploads\/2025\/10\/bierarista-logo-Kopie-300x121.jpg 300w\" sizes=\"(max-width: 608px) 100vw, 608px\" \/>\t\t\t\t\t\t\t\t<\/a>\n\t\t\t\t\t\t\t\t\t\t\t\t\t\t\t<\/div>\n\t\t\t\t<\/div>\n\t\t\t\t<\/div>\n\t\t\t\t\t<\/div>\n\t\t\t\t<\/div>\n\t\t\t\t<\/div>\n\t\t","protected":false},"excerpt":{"rendered":"<p>Der Doemens Bierarista ist der perfekte Kurs f\u00fcr alle, die ihre Bierbegeisterung auf das n\u00e4chste Level heben m\u00f6chten. Ob Hobbygenie\u00dfer, Gastronomieprofi oder ambitionierter Bierliebhaber \u2013 dieser Kurs bietet einen fundierten Einstieg in die faszinierende Welt des Bieres und legt den Grundstein f\u00fcr eine professionelle Weiterbildung. Was erwartet dich? Bierbegeisterung trifft Fachwissen Du lernst die Grundlagen [&hellip;]<\/p>\n","protected":false},"author":1,"featured_media":0,"parent":0,"menu_order":0,"comment_status":"closed","ping_status":"closed","template":"elementor_canvas","meta":{"footnotes":""},"class_list":["post-2021","page","type-page","status-publish","hentry"],"_links":{"self":[{"href":"https:\/\/braucampus.de\/index.php?rest_route=\/wp\/v2\/pages\/2021","targetHints":{"allow":["GET"]}}],"collection":[{"href":"https:\/\/braucampus.de\/index.php?rest_route=\/wp\/v2\/pages"}],"about":[{"href":"https:\/\/braucampus.de\/index.php?rest_route=\/wp\/v2\/types\/page"}],"author":[{"embeddable":true,"href":"https:\/\/braucampus.de\/index.php?rest_route=\/wp\/v2\/users\/1"}],"replies":[{"embeddable":true,"href":"https:\/\/braucampus.de\/index.php?rest_route=%2Fwp%2Fv2%2Fcomments&post=2021"}],"version-history":[{"count":10,"href":"https:\/\/braucampus.de\/index.php?rest_route=\/wp\/v2\/pages\/2021\/revisions"}],"predecessor-version":[{"id":2032,"href":"https:\/\/braucampus.de\/index.php?rest_route=\/wp\/v2\/pages\/2021\/revisions\/2032"}],"wp:attachment":[{"href":"https:\/\/braucampus.de\/index.php?rest_route=%2Fwp%2Fv2%2Fmedia&parent=2021"}],"curies":[{"name":"wp","href":"https:\/\/api.w.org\/{rel}","templated":true}]}}