{"id":904,"date":"2023-11-30T08:26:00","date_gmt":"2023-11-30T08:26:00","guid":{"rendered":"https:\/\/braucampus.de\/?page_id=904"},"modified":"2023-12-27T11:16:21","modified_gmt":"2023-12-27T11:16:21","slug":"firmenevent","status":"publish","type":"page","link":"https:\/\/braucampus.de\/?page_id=904","title":{"rendered":"Firmenevent"},"content":{"rendered":"\t\t<div data-elementor-type=\"wp-post\" data-elementor-id=\"904\" class=\"elementor elementor-904\" data-elementor-post-type=\"page\">\n\t\t\t\t<div class=\"elementor-element elementor-element-5077d61 e-con-full e-flex e-con e-parent\" data-id=\"5077d61\" data-element_type=\"container\" data-e-type=\"container\" data-settings=\"{&quot;background_background&quot;:&quot;classic&quot;}\">\n\t\t<div class=\"elementor-element elementor-element-7846fd1 e-con-full e-flex e-con e-child\" data-id=\"7846fd1\" data-element_type=\"container\" data-e-type=\"container\">\n\t\t\t\t<div class=\"elementor-element elementor-element-0015a2e elementor-widget elementor-widget-image\" data-id=\"0015a2e\" data-element_type=\"widget\" data-e-type=\"widget\" data-widget_type=\"image.default\">\n\t\t\t\t<div class=\"elementor-widget-container\">\n\t\t\t\t\t\t\t\t\t\t\t\t\t\t\t<img fetchpriority=\"high\" decoding=\"async\" width=\"800\" height=\"246\" src=\"https:\/\/braucampus.de\/wp-content\/uploads\/2023\/11\/bc_ornage_breit-1024x315.png\" class=\"attachment-large size-large wp-image-499\" alt=\"\" srcset=\"https:\/\/braucampus.de\/wp-content\/uploads\/2023\/11\/bc_ornage_breit-1024x315.png 1024w, https:\/\/braucampus.de\/wp-content\/uploads\/2023\/11\/bc_ornage_breit-300x92.png 300w, https:\/\/braucampus.de\/wp-content\/uploads\/2023\/11\/bc_ornage_breit-768x236.png 768w, https:\/\/braucampus.de\/wp-content\/uploads\/2023\/11\/bc_ornage_breit.png 1345w\" sizes=\"(max-width: 800px) 100vw, 800px\" \/>\t\t\t\t\t\t\t\t\t\t\t\t\t\t\t<\/div>\n\t\t\t\t<\/div>\n\t\t\t\t<\/div>\n\t\t<div class=\"elementor-element elementor-element-f85fa94 e-con-full e-flex e-con e-child\" data-id=\"f85fa94\" data-element_type=\"container\" data-e-type=\"container\">\n\t\t\t\t<div class=\"elementor-element elementor-element-b9f8531 elementor-widget elementor-widget-ekit-nav-menu\" data-id=\"b9f8531\" data-element_type=\"widget\" data-e-type=\"widget\" data-widget_type=\"ekit-nav-menu.default\">\n\t\t\t\t<div class=\"elementor-widget-container\">\n\t\t\t\t\t\t\t<nav class=\"ekit-wid-con ekit_menu_responsive_tablet\"\n\t\t\tdata-hamburger-icon=\"\"\n\t\t\tdata-hamburger-icon-type=\"icon\"\n\t\t\tdata-responsive-breakpoint=\"1024\">\n\t\t\t            <button class=\"elementskit-menu-hamburger elementskit-menu-toggler\"  type=\"button\" aria-label=\"hamburger-icon\">\n                                    <span class=\"elementskit-menu-hamburger-icon\"><\/span><span class=\"elementskit-menu-hamburger-icon\"><\/span><span class=\"elementskit-menu-hamburger-icon\"><\/span>\n                            <\/button>\n            <div id=\"ekit-megamenu-main\" class=\"elementskit-menu-container elementskit-menu-offcanvas-elements elementskit-navbar-nav-default ekit-nav-menu-one-page-no ekit-nav-dropdown-hover\"><ul id=\"menu-main\" class=\"elementskit-navbar-nav elementskit-menu-po-right submenu-click-on-icon\"><li id=\"menu-item-485\" class=\"menu-item menu-item-type-custom menu-item-object-custom menu-item-home menu-item-485 nav-item elementskit-mobile-builder-content\" data-vertical-menu=750px><a href=\"https:\/\/braucampus.de\/#start\" class=\"ekit-menu-nav-link\">START<\/a><\/li>\n<li id=\"menu-item-486\" class=\"menu-item menu-item-type-custom menu-item-object-custom menu-item-home menu-item-486 nav-item elementskit-mobile-builder-content\" data-vertical-menu=750px><a href=\"https:\/\/braucampus.de\/#veranstaltung\" class=\"ekit-menu-nav-link\">ERLEBNISSE<\/a><\/li>\n<li id=\"menu-item-487\" class=\"menu-item menu-item-type-custom menu-item-object-custom menu-item-home menu-item-487 nav-item elementskit-mobile-builder-content\" data-vertical-menu=750px><a href=\"https:\/\/braucampus.de\/#uebermich\" class=\"ekit-menu-nav-link\">\u00dcBER MICH<\/a><\/li>\n<li id=\"menu-item-1873\" class=\"menu-item menu-item-type-custom menu-item-object-custom menu-item-1873 nav-item elementskit-mobile-builder-content\" data-vertical-menu=750px><a href=\"#popup-menu-anchor\" class=\"ekit-menu-nav-link\">PARTNER<\/a><\/li>\n<li id=\"menu-item-1489\" class=\"menu-item menu-item-type-custom menu-item-object-custom menu-item-home menu-item-1489 nav-item elementskit-mobile-builder-content\" data-vertical-menu=750px><a href=\"https:\/\/braucampus.de\/#kalender\" class=\"ekit-menu-nav-link\">KALENDER<\/a><\/li>\n<li id=\"menu-item-490\" class=\"menu-item menu-item-type-custom menu-item-object-custom menu-item-home menu-item-490 nav-item elementskit-mobile-builder-content\" data-vertical-menu=750px><a href=\"https:\/\/braucampus.de\/#kontakt\" class=\"ekit-menu-nav-link\">KONTAKT<\/a><\/li>\n<\/ul><div class=\"elementskit-nav-identity-panel\"><button class=\"elementskit-menu-close elementskit-menu-toggler\" type=\"button\">X<\/button><\/div><\/div>\n\t\t\t<div class=\"elementskit-menu-overlay elementskit-menu-offcanvas-elements elementskit-menu-toggler ekit-nav-menu--overlay\"><\/div>        <\/nav>\n\t\t\t\t\t\t<\/div>\n\t\t\t\t<\/div>\n\t\t\t\t<\/div>\n\t\t\t\t<\/div>\n\t\t<div class=\"elementor-element elementor-element-14bc500 e-flex e-con-boxed e-con e-parent\" data-id=\"14bc500\" data-element_type=\"container\" data-e-type=\"container\" data-settings=\"{&quot;background_background&quot;:&quot;classic&quot;}\">\n\t\t\t\t\t<div class=\"e-con-inner\">\n\t\t\t\t<div class=\"elementor-element elementor-element-f7d5076 elementor-widget elementor-widget-heading\" data-id=\"f7d5076\" data-element_type=\"widget\" data-e-type=\"widget\" data-widget_type=\"heading.default\">\n\t\t\t\t<div class=\"elementor-widget-container\">\n\t\t\t\t\t<h2 class=\"elementor-heading-title elementor-size-default\">Firmenevents<\/h2>\t\t\t\t<\/div>\n\t\t\t\t<\/div>\n\t\t\t\t<div class=\"elementor-element elementor-element-a6a4a38 elementor-widget elementor-widget-spacer\" data-id=\"a6a4a38\" data-element_type=\"widget\" data-e-type=\"widget\" data-widget_type=\"spacer.default\">\n\t\t\t\t<div class=\"elementor-widget-container\">\n\t\t\t\t\t\t\t<div class=\"elementor-spacer\">\n\t\t\t<div class=\"elementor-spacer-inner\"><\/div>\n\t\t<\/div>\n\t\t\t\t\t\t<\/div>\n\t\t\t\t<\/div>\n\t\t\t\t<div class=\"elementor-element elementor-element-c72030c elementor-widget elementor-widget-heading\" data-id=\"c72030c\" data-element_type=\"widget\" data-e-type=\"widget\" data-widget_type=\"heading.default\">\n\t\t\t\t<div class=\"elementor-widget-container\">\n\t\t\t\t\t<h2 class=\"elementor-heading-title elementor-size-default\">\nEin Team ist mehr als die Summe der EINZELNEN - \n\n<\/h2>\t\t\t\t<\/div>\n\t\t\t\t<\/div>\n\t\t\t\t<div class=\"elementor-element elementor-element-6db9dab elementor-widget elementor-widget-heading\" data-id=\"6db9dab\" data-element_type=\"widget\" data-e-type=\"widget\" data-widget_type=\"heading.default\">\n\t\t\t\t<div class=\"elementor-widget-container\">\n\t\t\t\t\t<h2 class=\"elementor-heading-title elementor-size-default\">Bier ist mehr als nur die ZUTATEN. <\/h2>\t\t\t\t<\/div>\n\t\t\t\t<\/div>\n\t\t\t\t<div class=\"elementor-element elementor-element-7062386 elementor-widget elementor-widget-spacer\" data-id=\"7062386\" data-element_type=\"widget\" data-e-type=\"widget\" data-widget_type=\"spacer.default\">\n\t\t\t\t<div class=\"elementor-widget-container\">\n\t\t\t\t\t\t\t<div class=\"elementor-spacer\">\n\t\t\t<div class=\"elementor-spacer-inner\"><\/div>\n\t\t<\/div>\n\t\t\t\t\t\t<\/div>\n\t\t\t\t<\/div>\n\t\t\t\t\t<\/div>\n\t\t\t\t<\/div>\n\t\t<div class=\"elementor-element elementor-element-2cca9da e-flex e-con-boxed e-con e-parent\" data-id=\"2cca9da\" data-element_type=\"container\" data-e-type=\"container\" data-settings=\"{&quot;background_background&quot;:&quot;classic&quot;}\">\n\t\t\t\t\t<div class=\"e-con-inner\">\n\t\t<div class=\"elementor-element elementor-element-766a8bf e-con-full e-flex e-con e-child\" data-id=\"766a8bf\" data-element_type=\"container\" data-e-type=\"container\">\n\t\t\t\t<div class=\"elementor-element elementor-element-8e45f82 elementor-widget elementor-widget-image\" data-id=\"8e45f82\" data-element_type=\"widget\" data-e-type=\"widget\" data-widget_type=\"image.default\">\n\t\t\t\t<div class=\"elementor-widget-container\">\n\t\t\t\t\t\t\t\t\t\t\t\t\t\t\t<img decoding=\"async\" width=\"800\" height=\"530\" src=\"https:\/\/braucampus.de\/wp-content\/uploads\/2023\/11\/DSC_3839.jpg\" class=\"attachment-large size-large wp-image-309\" alt=\"\" srcset=\"https:\/\/braucampus.de\/wp-content\/uploads\/2023\/11\/DSC_3839.jpg 800w, https:\/\/braucampus.de\/wp-content\/uploads\/2023\/11\/DSC_3839-300x199.jpg 300w, https:\/\/braucampus.de\/wp-content\/uploads\/2023\/11\/DSC_3839-768x509.jpg 768w\" sizes=\"(max-width: 800px) 100vw, 800px\" \/>\t\t\t\t\t\t\t\t\t\t\t\t\t\t\t<\/div>\n\t\t\t\t<\/div>\n\t\t\t\t<div class=\"elementor-element elementor-element-a7eff32 elementor-widget elementor-widget-image\" data-id=\"a7eff32\" data-element_type=\"widget\" data-e-type=\"widget\" data-widget_type=\"image.default\">\n\t\t\t\t<div class=\"elementor-widget-container\">\n\t\t\t\t\t\t\t\t\t\t\t\t\t\t\t<img decoding=\"async\" width=\"800\" height=\"530\" src=\"https:\/\/braucampus.de\/wp-content\/uploads\/2023\/11\/DSC_3837.jpg\" class=\"attachment-large size-large wp-image-308\" alt=\"\" srcset=\"https:\/\/braucampus.de\/wp-content\/uploads\/2023\/11\/DSC_3837.jpg 800w, https:\/\/braucampus.de\/wp-content\/uploads\/2023\/11\/DSC_3837-300x199.jpg 300w, https:\/\/braucampus.de\/wp-content\/uploads\/2023\/11\/DSC_3837-768x509.jpg 768w\" sizes=\"(max-width: 800px) 100vw, 800px\" \/>\t\t\t\t\t\t\t\t\t\t\t\t\t\t\t<\/div>\n\t\t\t\t<\/div>\n\t\t\t\t<\/div>\n\t\t<div class=\"elementor-element elementor-element-5bcda26 e-con-full e-flex e-con e-child\" data-id=\"5bcda26\" data-element_type=\"container\" data-e-type=\"container\">\n\t\t\t\t<div class=\"elementor-element elementor-element-fc92ed4 elementor-widget elementor-widget-text-editor\" data-id=\"fc92ed4\" data-element_type=\"widget\" data-e-type=\"widget\" data-widget_type=\"text-editor.default\">\n\t\t\t\t<div class=\"elementor-widget-container\">\n\t\t\t\t\t\t\t\t\t<p>Gemeinsame Zeit, gemeinsame Erlebnisse, gemeinsamer Genuss.\u00a0<\/p><p>Etwas zusammen unternehmen, st\u00e4rkt das Gef\u00fchl, eine Gruppe zu sein und es macht einfach nur Spa\u00df, aus nur vier Rohstoffen etwas v\u00f6llig Neues zu erschaffen\u00a0<\/p>\t\t\t\t\t\t\t\t<\/div>\n\t\t\t\t<\/div>\n\t\t\t\t<\/div>\n\t\t<div class=\"elementor-element elementor-element-e703f58 e-con-full e-flex e-con e-child\" data-id=\"e703f58\" data-element_type=\"container\" data-e-type=\"container\">\n\t\t\t\t<div class=\"elementor-element elementor-element-f70eb09 elementor-widget elementor-widget-image\" data-id=\"f70eb09\" data-element_type=\"widget\" data-e-type=\"widget\" data-widget_type=\"image.default\">\n\t\t\t\t<div class=\"elementor-widget-container\">\n\t\t\t\t\t\t\t\t\t\t\t\t\t\t\t<img loading=\"lazy\" decoding=\"async\" width=\"800\" height=\"465\" src=\"https:\/\/braucampus.de\/wp-content\/uploads\/2023\/11\/DSC_3832.jpg\" class=\"attachment-large size-large wp-image-306\" alt=\"\" srcset=\"https:\/\/braucampus.de\/wp-content\/uploads\/2023\/11\/DSC_3832.jpg 800w, https:\/\/braucampus.de\/wp-content\/uploads\/2023\/11\/DSC_3832-300x174.jpg 300w, https:\/\/braucampus.de\/wp-content\/uploads\/2023\/11\/DSC_3832-768x446.jpg 768w\" sizes=\"(max-width: 800px) 100vw, 800px\" \/>\t\t\t\t\t\t\t\t\t\t\t\t\t\t\t<\/div>\n\t\t\t\t<\/div>\n\t\t\t\t<div class=\"elementor-element elementor-element-c7af7cc elementor-widget elementor-widget-image\" data-id=\"c7af7cc\" data-element_type=\"widget\" data-e-type=\"widget\" data-widget_type=\"image.default\">\n\t\t\t\t<div class=\"elementor-widget-container\">\n\t\t\t\t\t\t\t\t\t\t\t\t\t\t\t<img loading=\"lazy\" decoding=\"async\" width=\"800\" height=\"361\" src=\"https:\/\/braucampus.de\/wp-content\/uploads\/2023\/11\/20230703_192024.jpg\" class=\"attachment-large size-large wp-image-39\" alt=\"\" srcset=\"https:\/\/braucampus.de\/wp-content\/uploads\/2023\/11\/20230703_192024.jpg 800w, https:\/\/braucampus.de\/wp-content\/uploads\/2023\/11\/20230703_192024-300x135.jpg 300w, https:\/\/braucampus.de\/wp-content\/uploads\/2023\/11\/20230703_192024-768x347.jpg 768w\" sizes=\"(max-width: 800px) 100vw, 800px\" \/>\t\t\t\t\t\t\t\t\t\t\t\t\t\t\t<\/div>\n\t\t\t\t<\/div>\n\t\t\t\t<\/div>\n\t\t<div class=\"elementor-element elementor-element-3737809 e-con-full e-flex e-con e-child\" data-id=\"3737809\" data-element_type=\"container\" data-e-type=\"container\">\n\t\t\t\t<div class=\"elementor-element elementor-element-1b07396 elementor-widget elementor-widget-image\" data-id=\"1b07396\" data-element_type=\"widget\" data-e-type=\"widget\" data-widget_type=\"image.default\">\n\t\t\t\t<div class=\"elementor-widget-container\">\n\t\t\t\t\t\t\t\t\t\t\t\t\t\t\t<img loading=\"lazy\" decoding=\"async\" width=\"800\" height=\"530\" src=\"https:\/\/braucampus.de\/wp-content\/uploads\/2023\/11\/DSC_3846.jpg\" class=\"attachment-large size-large wp-image-310\" alt=\"\" srcset=\"https:\/\/braucampus.de\/wp-content\/uploads\/2023\/11\/DSC_3846.jpg 800w, https:\/\/braucampus.de\/wp-content\/uploads\/2023\/11\/DSC_3846-300x199.jpg 300w, https:\/\/braucampus.de\/wp-content\/uploads\/2023\/11\/DSC_3846-768x509.jpg 768w\" sizes=\"(max-width: 800px) 100vw, 800px\" \/>\t\t\t\t\t\t\t\t\t\t\t\t\t\t\t<\/div>\n\t\t\t\t<\/div>\n\t\t\t\t<\/div>\n\t\t<div class=\"elementor-element elementor-element-0a15b2f e-con-full e-flex e-con e-child\" data-id=\"0a15b2f\" data-element_type=\"container\" data-e-type=\"container\">\n\t\t\t\t<div class=\"elementor-element elementor-element-5c53d9c elementor-widget elementor-widget-image\" data-id=\"5c53d9c\" data-element_type=\"widget\" data-e-type=\"widget\" data-widget_type=\"image.default\">\n\t\t\t\t<div class=\"elementor-widget-container\">\n\t\t\t\t\t\t\t\t\t\t\t\t\t\t\t<img loading=\"lazy\" decoding=\"async\" width=\"800\" height=\"466\" src=\"https:\/\/braucampus.de\/wp-content\/uploads\/2023\/11\/DSC_3827.jpg\" class=\"attachment-large size-large wp-image-305\" alt=\"\" srcset=\"https:\/\/braucampus.de\/wp-content\/uploads\/2023\/11\/DSC_3827.jpg 800w, https:\/\/braucampus.de\/wp-content\/uploads\/2023\/11\/DSC_3827-300x175.jpg 300w, https:\/\/braucampus.de\/wp-content\/uploads\/2023\/11\/DSC_3827-768x447.jpg 768w\" sizes=\"(max-width: 800px) 100vw, 800px\" \/>\t\t\t\t\t\t\t\t\t\t\t\t\t\t\t<\/div>\n\t\t\t\t<\/div>\n\t\t\t\t<\/div>\n\t\t\t\t\t<\/div>\n\t\t\t\t<\/div>\n\t\t\t\t<\/div>\n\t\t","protected":false},"excerpt":{"rendered":"<p>START ERLEBNISSE \u00dcBER MICH KONTAKT X Firmenevents Ein Team ist mehr als die Summe der EINZELNEN &#8211; Bier ist mehr als nur die ZUTATEN. Gemeinsame Zeit, gemeinsame Erlebnisse, gemeinsamer Genuss.\u00a0 Etwas zusammen unternehmen, st\u00e4rkt das Gef\u00fchl, eine Gruppe zu sein und es macht einfach nur Spa\u00df, aus nur vier Rohstoffen etwas v\u00f6llig Neues zu erschaffen\u00a0<\/p>\n","protected":false},"author":1,"featured_media":0,"parent":0,"menu_order":0,"comment_status":"closed","ping_status":"closed","template":"elementor_canvas","meta":{"footnotes":""},"class_list":["post-904","page","type-page","status-publish","hentry"],"_links":{"self":[{"href":"https:\/\/braucampus.de\/index.php?rest_route=\/wp\/v2\/pages\/904","targetHints":{"allow":["GET"]}}],"collection":[{"href":"https:\/\/braucampus.de\/index.php?rest_route=\/wp\/v2\/pages"}],"about":[{"href":"https:\/\/braucampus.de\/index.php?rest_route=\/wp\/v2\/types\/page"}],"author":[{"embeddable":true,"href":"https:\/\/braucampus.de\/index.php?rest_route=\/wp\/v2\/users\/1"}],"replies":[{"embeddable":true,"href":"https:\/\/braucampus.de\/index.php?rest_route=%2Fwp%2Fv2%2Fcomments&post=904"}],"version-history":[{"count":22,"href":"https:\/\/braucampus.de\/index.php?rest_route=\/wp\/v2\/pages\/904\/revisions"}],"predecessor-version":[{"id":1150,"href":"https:\/\/braucampus.de\/index.php?rest_route=\/wp\/v2\/pages\/904\/revisions\/1150"}],"wp:attachment":[{"href":"https:\/\/braucampus.de\/index.php?rest_route=%2Fwp%2Fv2%2Fmedia&parent=904"}],"curies":[{"name":"wp","href":"https:\/\/api.w.org\/{rel}","templated":true}]}}